{"id":234,"date":"2025-02-26T10:02:40","date_gmt":"2025-02-26T10:02:40","guid":{"rendered":"https:\/\/determined-hellman.148-251-14-110.plesk.page\/?page_id=234"},"modified":"2025-02-26T15:22:22","modified_gmt":"2025-02-26T15:22:22","slug":"datenschutzerklaerung","status":"publish","type":"page","link":"https:\/\/hd-solutions.at\/index.php\/datenschutzerklaerung\/","title":{"rendered":"Datenschutzerkl\u00e4rung"},"content":{"rendered":"\t\t<div data-elementor-type=\"wp-page\" data-elementor-id=\"234\" class=\"elementor elementor-234\" data-elementor-post-type=\"page\">\n\t\t\t\t<div class=\"elementor-element elementor-element-5546f01 e-flex e-con-boxed e-con e-parent\" data-id=\"5546f01\" data-element_type=\"container\">\n\t\t\t\t\t<div class=\"e-con-inner\">\n\t\t\t\t<div class=\"elementor-element elementor-element-ceefbd2 elementor-widget elementor-widget-heading\" data-id=\"ceefbd2\" data-element_type=\"widget\" data-widget_type=\"heading.default\">\n\t\t\t\t<div class=\"elementor-widget-container\">\n\t\t\t\t\t<h2 class=\"elementor-heading-title elementor-size-default\">Datenschutz<\/h2>\t\t\t\t<\/div>\n\t\t\t\t<\/div>\n\t\t\t\t<div class=\"elementor-element elementor-element-ec0db25 elementor-widget elementor-widget-text-editor\" data-id=\"ec0db25\" data-element_type=\"widget\" data-widget_type=\"text-editor.default\">\n\t\t\t\t<div class=\"elementor-widget-container\">\n\t\t\t\t\t\t\t\t\t<p>In dieser Datenschutzerkl\u00e4rung informieren wir Sie \u00fcber die Verarbeitung Ihrer personenbezogenen Daten.<\/p><p><strong>Verantwortlich<\/strong><br \/>HD Solutions, Wamprechtsham 45, 4762 St. Willibald, \u00d6sterreich, office{@}hd-solutions.at, +43 (0) 664 23 52 632<\/p><p><strong>Hosting<\/strong><br \/>Host Europe GmbH<br \/>Wir hosten unsere Website bei unserem Auftragsverarbeiter Hoststar, Hoststar \u2013 Multimedia Networks, Irdning 186 | A-8952 Irdning.<br \/>Zum Zweck der Bereitstellung und der Auslieferung der Website werden Verbindungsdaten verarbeitet. Zum blo\u00dfen Zweck der Auslieferung und Bereitstellung der Website werden die Daten \u00fcber den Aufruf hinaus nicht gespeichert.<br \/>Die Rechtsgrundlage f\u00fcr die Datenverarbeitung ist das berechtigte Interesse (unbedingte technische Notwendigkeit zur Bereitstellung und Auslieferung des von Ihnen durch Ihren Aufruf ausdr\u00fccklich gew\u00fcnschten Dienstes \u201eWebsite\u201c) gem\u00e4\u00df Art. 6 Abs. 1 lit. f DSGVO.<br \/>Zum Betrieb der Website werden die Verbindungsdaten und weitere personenbezogenen Daten zus\u00e4tzlich im Rahmen diverser anderer Funktionen bzw. Dienste verarbeitet. Dar\u00fcber wird im Rahmen dieser Datenschutzerkl\u00e4rung bei den einzelnen Funktionen bzw. Diensten im Detail informiert.<\/p><p><strong>Server Log Files<\/strong><br \/>Zum Zweck der \u00dcberwachung der technischen Funktion und zur Erh\u00f6hung der Betriebssicherheit unseres Webhosts werden Verbindungsdaten verarbeitet. Die Dauer der Verarbeitung ist auf 7 Tage beschr\u00e4nkt.<br \/>Die Rechtsgrundlage f\u00fcr die Datenverarbeitung ist das berechtigte Interesse (unbedingte technische Notwendigkeit eines Server Log Files als grundlegende Datenbasis zur Fehleranalyse und f\u00fcr Sicherheitsma\u00dfnahmen im Rahmen des durch Ihren Aufruf ausdr\u00fccklich gew\u00fcnschten Dienstes \u201eWebsite\u201c) gem\u00e4\u00df Art. 6 Abs. 1 lit. f DSGVO.<\/p><p><br \/><strong>Registrierungsformular<\/strong><br \/>Wir bieten Ihnen auf unserer Website eine Registrierungsm\u00f6glichkeit. Nach Absenden der Registrierung erfolgt eine Verarbeitung der im Registrierungsformular angef\u00fchrten Daten durch uns zum Zweck der Vertragserf\u00fcllung auf Grundlage des mit der Registrierung abgeschlossenen Vertrages gem. Art. 6 Abs. 1 lit. b DSGVO f\u00fcr die Vertragslaufzeit.<br \/>Es besteht keine gesetzliche oder vertragliche Verpflichtung zur Bereitstellung der personenbezogenen Daten. Die Nichtbereitstellung hat lediglich zur Folge, dass keine Registrierung m\u00f6glich ist.<br \/>Eine Daten\u00fcbermittlung an Dritte erfolgt nicht.<\/p><p><strong>Web-Schriften<\/strong><br \/>Google Fonts<br \/>Wir verarbeiten mit unserem Auftragsverarbeiter Google Fonts, Google Ireland Limited, Gordon House, Barrow Street, Dublin 4, Irland Verbindungsdaten und Browserdaten zum Zweck der Bereitstellung der vom Webbrowser zur Anzeige der Website ben\u00f6tigten Schriftarten. Diese Daten werden nur f\u00fcr die zur Auswahl und \u00dcbermittlung der Schriftarten ben\u00f6tigte Dauer verarbeitet.<br \/>Die Rechtsgrundlage f\u00fcr die Datenverarbeitung ist das berechtigte Interesse (unbedingte technische Notwendigkeit zur Bereitstellung und Auslieferung des von Ihnen durch Ihren Aufruf ausdr\u00fccklich gew\u00fcnschten Dienstes \u201eWebsite\u201c) gem\u00e4\u00df Art. 6 Abs. 1 lit. f DSGVO.<br \/>Soweit durch Google Fonts eine weitergehende eigenst\u00e4ndige Verarbeitung der Daten erfolgt, ist Google daf\u00fcr alleinige Verantwortliche. Details finden Sie in der Datenschutzerkl\u00e4rung und in den FAQ von Google Fonts.<\/p><p><strong>Font Awesome<\/strong><br \/>Wir verarbeiten mit unserem Auftragsverarbeiter Fontawesome, Fonticons, Inc., 6 Porter Road, Apartment 3R, Cambridge, MA 02140, USA, Verbindungsdaten und Browserdaten zum Zweck der Bereitstellung der vom Webbrowser zur Anzeige der Website ben\u00f6tigten Schriftarten. Diese Daten werden nur f\u00fcr die zur Auswahl und \u00dcbermittlung der Schriftarten ben\u00f6tigte Dauer verarbeitet.<br \/>Die Rechtsgrundlage f\u00fcr die Datenverarbeitung ist das berechtigte Interesse (unbedingte technische Notwendigkeit zur Bereitstellung und Auslieferung des von Ihnen durch Ihren Aufruf ausdr\u00fccklich gew\u00fcnschten Dienstes \u201eWebsite\u201c) gem\u00e4\u00df Art. 6 Abs. 1 lit. f DSGVO.<br \/>Soweit durch Fontawesome eine weitergehende eigenst\u00e4ndige Verarbeitung der Daten erfolgt, ist Fontawesome daf\u00fcr alleinige Verantwortliche. Details finden Sie in der Datenschutzerkl\u00e4rung von Fontawesome.<\/p><p><br \/><strong>Analysedienste<\/strong><br \/>Google Analytics<br \/>Im Fall der Erteilung Ihrer Einwilligung verarbeiten wir mit dem Dienst Google Analytics, Google LLC, Amphitheatre Parkway, Mountain View, CA 94043, USA, als gemeinsame Verantwortliche Ihre personenbezogenen Daten zum Zweck der Fehleranalyse und der statistischen Auswertung unserer Website. Die Nichterteilung der Einwilligung hat auf die Funktion der Website keine unmittelbare Auswirkung, ohne statistische Daten wird uns jedoch die Weiterentwicklung der Website erschwert. Eine bereits erteilte Einwilligung k\u00f6nnen Sie widerrufen, indem Sie die Datenschutzeinstellungen \u00e4ndern.<br \/>Wir erm\u00f6glichen dem Dienst die Erhebung von Verbindungsdaten, Daten ihres Webbrowsers und Daten \u00fcber die aufgerufenen Inhalte sowie die Ausf\u00fchrung von Analysesoftware und die Speicherung von Daten auf ihrem Endger\u00e4t. Der Dienst anonymisiert die erhobenen Daten unmittelbar nach der Erhebung und stellt uns die anonymen Daten in Form von Statistiken zur Auswertung zur Verf\u00fcgung. Wir nutzen diese Statistiken zur Fehlerbehebung und zur Weiterentwicklung unserer Website. Die Daten auf ihrem Endger\u00e4t werden f\u00fcr die Dauer von bis zu zwei Jahren gespeichert.<br \/>Die Rechtsgrundlage f\u00fcr die Datenverarbeitung ist Ihre Einwilligung gem\u00e4\u00df Art. 6 Abs 1 lit. a DSGVO. Der Google Konzern \u00fcbermittelt Ihre personenbezogenen Daten in die USA. Die Rechtsgrundlage f\u00fcr die Daten\u00fcbermittlung in die USA ist Ihre Einwilligung gem\u00e4\u00df Art. 49 Abs 1 lit a iVm Art. 6 Abs 1 lit a DSGVO in Verbindung mit \u00a725 TTDSG. Sie wurden bereits vor Erteilung Ihrer Einwilligung informiert, dass die USA \u00fcber kein den Standards der EU entsprechendes Datenschutzniveau verf\u00fcgt. Insbesondere k\u00f6nnen US Geheimdienste auf Ihre Daten zugreifen, ohne dass Sie dar\u00fcber informiert werden und ohne dass Sie dagegen rechtlich vorgehen k\u00f6nnen. Der Europ\u00e4ische Gerichtshof hat aus diesem Grund in einem Urteil den fr\u00fcheren Angemessenheitsbeschluss (Privacy Shield) f\u00fcr ung\u00fcltig erkl\u00e4rt.<\/p><p><strong>Newsletter Dienste<\/strong><br \/>MailChimp<br \/>Nach Erteilung Ihrer Einwilligung erfolgt eine Verarbeitung Ihrer personenbezogenen Daten zum Zweck der \u00dcbermittlung elektronischer Direktwerbung (z.B. Newsletterversand) bis auf Widerruf.<br \/>Zum Zweck des Newsletterversandes bedienen wir uns dem Auftragsverarbeiter Mailchimp, The Rocket Science Group, LLC, 675 Ponce de Leon Ave NE, Suite 5000 Atlanta, GA 30308, USA.<br \/>Die Rechtsgrundlage f\u00fcr die Verarbeitung ist die von Ihnen gem\u00e4\u00df Art. 6 Abs. 1 lit. a DSGVO erteilte Einwilligung. Es gesteht keine gesetzliche oder vertragliche Verpflichtung zur Erteilung der Einwilligung. Die Nichterteilung der Einwilligung hat lediglich zur Folge, dass Sie keinen Newsletter von uns erhalten.<br \/>Die Rechtsgrundlage f\u00fcr die Daten\u00fcbermittlung in die USA ist Ihre Einwilligung gem\u00e4\u00df Art. 49 Abs 1 lit a iVm Art. 6 Abs 1 lit a DSGVO in Verbindung mit \u00a725 TTDSG. Sie wurden bereits vor Erteilung Ihrer Einwilligung informiert, dass die USA \u00fcber kein den Standards der EU entsprechendes Datenschutzniveau verf\u00fcgt. Insbesondere k\u00f6nnen US Geheimdienste auf Ihre Daten zugreifen, ohne dass Sie dar\u00fcber informiert werden und ohne dass Sie dagegen rechtlich vorgehen k\u00f6nnen. Der Europ\u00e4ische Gerichtshof hat aus diesem Grund in einem Urteil den fr\u00fcheren Angemessenheitsbeschluss (Privacy Shield) f\u00fcr ung\u00fcltig erkl\u00e4rt.<\/p><p><strong>Widerspruchsrecht<\/strong><br \/>Sofern die Verarbeitung Ihrer personenbezogenen Daten auf Grundlage des berechtigten Interesses erfolgt, haben Sie das Recht gegen diese Verarbeitung zu widersprechen.<br \/>Sofern keine zwingenden schutzw\u00fcrdigen Gr\u00fcnde f\u00fcr die Verarbeitung unsererseits vorliegen, wird die Verarbeitung Ihrer Daten auf Basis dieser Rechtsgrundlage eingestellt.<br \/>Zudem haben Sie das Recht, der Verarbeitung Ihrer personenbezogenen Daten zum Zweck der Direktwerbung zu widersprechen. Im Fall des Widerspruchs werden Ihre personenbezogenen Daten nicht mehr zum Zweck der Direktwerbung verarbeitet.<br \/>Die Rechtm\u00e4\u00dfigkeit der bis zum Widerspruch verarbeiteten Daten wird durch den Widerspruch nicht ber\u00fchrt.<\/p><p><strong>Widerrufsrecht<\/strong><br \/>Sie haben das Recht eine bereits erteilte Einwilligung jederzeit zu widerrufen, indem Sie die Datenschutzeinstellungen \u00e4ndern.<br \/>Im Fall der Einwilligung in den Erhalt elektronischer Werbung kann der Widerruf Ihrer Einwilligung durch Klick auf den Abmeldelink erfolgen. In diesem Fall wird eine Verarbeitung, sofern keine andere Rechtsgrundlage besteht, eingestellt.<br \/>Die Rechtm\u00e4\u00dfigkeit der bis zum Widerruf verarbeiteten Daten wird durch den Widerruf nicht ber\u00fchrt.<\/p><p><strong>Betroffenenrechte<br \/><\/strong>Sie haben zudem das Recht auf Auskunft, Berichtigung, L\u00f6schung und Einschr\u00e4nkung der Verarbeitung der personenbezogenen Daten.<br \/>Soweit die Rechtsgrundlage der Verarbeitung Ihrer personenbezogenen Daten in Ihrer Einwilligung oder in einem mit Ihnen abgeschlossenen Vertrag besteht, haben Sie \u00fcberdies das Recht auf Daten\u00fcbertragbarkeit.<br \/>Weiters haben Sie das Recht auf Beschwerde bei der Aufsichtsbeh\u00f6rde. N\u00e4here Informationen zu den Aufsichtsbeh\u00f6rden in der Europ\u00e4ischen Union finden Sie hier.<\/p>\t\t\t\t\t\t\t\t<\/div>\n\t\t\t\t<\/div>\n\t\t\t\t\t<\/div>\n\t\t\t\t<\/div>\n\t\t\t\t<\/div>\n\t\t","protected":false},"excerpt":{"rendered":"<p>Datenschutz In dieser Datenschutzerkl\u00e4rung informieren wir Sie \u00fcber die Verarbeitung Ihrer personenbezogenen Daten. VerantwortlichHD Solutions, Wamprechtsham 45, 4762 St. Willibald, \u00d6sterreich, office{@}hd-solutions.at, +43 (0) 664 23 52 632 HostingHost Europe GmbHWir hosten unsere Website bei unserem Auftragsverarbeiter Hoststar, Hoststar \u2013 Multimedia Networks, Irdning 186 | A-8952 Irdning.Zum Zweck der Bereitstellung und der Auslieferung der Website [&hellip;]<\/p>\n","protected":false},"author":1,"featured_media":0,"parent":0,"menu_order":0,"comment_status":"closed","ping_status":"closed","template":"","meta":{"footnotes":""},"class_list":["post-234","page","type-page","status-publish","hentry"],"_links":{"self":[{"href":"https:\/\/hd-solutions.at\/index.php\/wp-json\/wp\/v2\/pages\/234","targetHints":{"allow":["GET"]}}],"collection":[{"href":"https:\/\/hd-solutions.at\/index.php\/wp-json\/wp\/v2\/pages"}],"about":[{"href":"https:\/\/hd-solutions.at\/index.php\/wp-json\/wp\/v2\/types\/page"}],"author":[{"embeddable":true,"href":"https:\/\/hd-solutions.at\/index.php\/wp-json\/wp\/v2\/users\/1"}],"replies":[{"embeddable":true,"href":"https:\/\/hd-solutions.at\/index.php\/wp-json\/wp\/v2\/comments?post=234"}],"version-history":[{"count":4,"href":"https:\/\/hd-solutions.at\/index.php\/wp-json\/wp\/v2\/pages\/234\/revisions"}],"predecessor-version":[{"id":422,"href":"https:\/\/hd-solutions.at\/index.php\/wp-json\/wp\/v2\/pages\/234\/revisions\/422"}],"wp:attachment":[{"href":"https:\/\/hd-solutions.at\/index.php\/wp-json\/wp\/v2\/media?parent=234"}],"curies":[{"name":"wp","href":"https:\/\/api.w.org\/{rel}","templated":true}]}}